{"id":47,"date":"2016-06-20T11:34:29","date_gmt":"2016-06-20T11:34:29","guid":{"rendered":"http:\/\/mipsy.net\/?page_id=47"},"modified":"2024-02-14T13:35:14","modified_gmt":"2024-02-14T13:35:14","slug":"pide-una-cita","status":"publish","type":"page","link":"https:\/\/mipsy.net\/es\/pide-una-cita\/","title":{"rendered":"\u00a1Pide una cita con un tu psicoanalista!"},"content":{"rendered":"<div class=\"wp-menu-arrow\"><\/div>\n<p>Para contactar conmigo y pedir una cita en l\u00ednea o presencial puede escribir e-mail a:<\/p>\n<h2 id=\":n6\" class=\"hP\" tabindex=\"-1\">dr.mila.petkova @ protonmail.com<\/h2>\n<p style=\"text-align: justify;\">Cu\u00e9ntame su historia, \u00bfcu\u00e1l es su malestar, sus ra\u00edces familiares y culturales, sus sue\u00f1os y esperanzas? Escr\u00edbame sobre lo que le hace sufrir y sobre las peque\u00f1as cosas que le hacen una persona especial y \u00fanica.<\/p>\n<p style=\"text-align: justify;\">Teniendo en cuenta su situaci\u00f3n particular, le responder\u00e9 para darle una cita o referirlo a otro especialista.<\/p>\n<p style=\"text-align: justify;\">Incluso si no est\u00e1 100% seguro de si le gustar\u00eda comenzar su terapia ahora, \u00a1escr\u00edbame unas pocas palabras (sin ning\u00fan compromiso), porque su historia importa y todos merecemos ser escuchados!<\/p>\n<p style=\"text-align: justify;\">Sinceramente suya,<br \/>\nDr. Mila Petkova<\/p>\n<p>&nbsp;<\/p>\n<div id=\"sconnect-is-installed\" style=\"display: none;\">2.14.0.0<\/div>\n<div id=\"sconnect-is-installed\" style=\"display: none;\">2.14.0.0<\/div>\n","protected":false},"excerpt":{"rendered":"<p>Para contactar conmigo y pedir una cita en l\u00ednea o presencial puede escribir e-mail a: dr.mila.petkova @ protonmail.com Cu\u00e9ntame su historia, \u00bfcu\u00e1l es su malestar, sus ra\u00edces familiares y culturales, sus sue\u00f1os y esperanzas? Escr\u00edbame sobre lo que le hace sufrir y sobre las peque\u00f1as cosas que le hacen una persona especial y \u00fanica. Teniendo <a class=\"read-more\" href=\"https:\/\/mipsy.net\/es\/pide-una-cita\/\">Read More<\/a><\/p>\n","protected":false},"author":1,"featured_media":0,"parent":0,"menu_order":0,"comment_status":"closed","ping_status":"closed","template":"","meta":[],"_links":{"self":[{"href":"https:\/\/mipsy.net\/es\/wp-json\/wp\/v2\/pages\/47"}],"collection":[{"href":"https:\/\/mipsy.net\/es\/wp-json\/wp\/v2\/pages"}],"about":[{"href":"https:\/\/mipsy.net\/es\/wp-json\/wp\/v2\/types\/page"}],"author":[{"embeddable":true,"href":"https:\/\/mipsy.net\/es\/wp-json\/wp\/v2\/users\/1"}],"replies":[{"embeddable":true,"href":"https:\/\/mipsy.net\/es\/wp-json\/wp\/v2\/comments?post=47"}],"version-history":[{"count":21,"href":"https:\/\/mipsy.net\/es\/wp-json\/wp\/v2\/pages\/47\/revisions"}],"predecessor-version":[{"id":236,"href":"https:\/\/mipsy.net\/es\/wp-json\/wp\/v2\/pages\/47\/revisions\/236"}],"wp:attachment":[{"href":"https:\/\/mipsy.net\/es\/wp-json\/wp\/v2\/media?parent=47"}],"curies":[{"name":"wp","href":"https:\/\/api.w.org\/{rel}","templated":true}]}}