{"id":2,"date":"2015-12-11T16:20:23","date_gmt":"2015-12-11T16:20:23","guid":{"rendered":"http:\/\/mipsy.net\/?page_id=2"},"modified":"2025-07-22T08:25:18","modified_gmt":"2025-07-22T08:25:18","slug":"home","status":"publish","type":"page","link":"https:\/\/mipsy.net\/es\/","title":{"rendered":"Dr. Mila Petkova &#8211; psicoterapeuta"},"content":{"rendered":"<h2 style=\"text-align: left;\"><strong>Psicoterapeuta \u2013 Terapia Online en B\u00falgaro, Ingl\u00e9s y Espa\u00f1ol <br \/><\/strong><\/h2>\r\n<p><img decoding=\"async\" loading=\"lazy\" class=\"alignleft wp-image-248\" src=\"http:\/\/mipsy.net\/es\/wp-content\/uploads\/2024\/02\/hack-conf12-1.jpg\" alt=\"\" width=\"330\" height=\"414\" \/><\/p>\r\n<p style=\"text-align: justify;\" data-start=\"192\" data-end=\"527\">Soy una psicoterapeuta multiling\u00fce que ofrece <strong data-start=\"238\" data-end=\"268\">sesiones de terapia online<\/strong> en <strong data-start=\"272\" data-end=\"283\">b\u00falgaro<\/strong>, <strong data-start=\"285\" data-end=\"295\">ingl\u00e9s<\/strong> y <strong data-start=\"298\" data-end=\"309\">espa\u00f1ol<\/strong> a personas de todo el mundo. Me especializo en proporcionar un espacio seguro y compasivo donde puedas explorar tu mundo interior, afrontar <strong data-start=\"450\" data-end=\"476\">desaf\u00edos existenciales<\/strong> y reconectar con lo que realmente importa para ti.<\/p>\r\n<p style=\"text-align: justify;\" data-start=\"529\" data-end=\"1117\">Mis \u00e1reas de enfoque incluyen el <strong data-start=\"562\" data-end=\"592\">tratamiento de la ansiedad<\/strong>, los <strong data-start=\"598\" data-end=\"619\">ataques de p\u00e1nico<\/strong> y los <strong data-start=\"626\" data-end=\"658\">problemas de imagen corporal<\/strong>, as\u00ed como el acompa\u00f1amiento continuo de personas que est\u00e1n en proceso de <strong data-start=\"732\" data-end=\"784\">recuperaci\u00f3n del consumo de alcohol o sustancias<\/strong> y desean continuar su <strong data-start=\"807\" data-end=\"851\">proceso psicoterap\u00e9utico de forma online<\/strong>. Tambi\u00e9n trabajo con personas que enfrentan <strong data-start=\"896\" data-end=\"907\">burnout<\/strong>, <strong data-start=\"909\" data-end=\"927\">estr\u00e9s laboral<\/strong>, <strong data-start=\"929\" data-end=\"963\">dificultades en las relaciones<\/strong> o <strong data-start=\"966\" data-end=\"988\">aislamiento social<\/strong>, ofreciendo herramientas pr\u00e1cticas y una mirada profunda que les ayude a reconstruir la conexi\u00f3n consigo mismas y con los dem\u00e1s.<\/p>\r\n<p style=\"text-align: justify;\" data-start=\"1119\" data-end=\"1371\">S\u00e9 lo abrumadora que puede parecer la vida cuando uno se siente estancado, perdido o desconectado. Por eso, integro m\u00e9todos basados en evidencia con una perspectiva psicoanal\u00edtica profunda, para ayudarte a lograr un cambio significativo y duradero.<\/p>\r\n<p style=\"text-align: justify;\" data-start=\"1373\" data-end=\"1570\">Soy doctora en psicoan\u00e1lisis y complet\u00e9 mi formaci\u00f3n cl\u00ednica en la Secci\u00f3n Cl\u00ednica de Barcelona, donde posteriormente me especialic\u00e9 en neuropsicoan\u00e1lisis y t\u00e9cnicas terap\u00e9uticas aplicadas.<\/p>\r\n<p style=\"text-align: justify;\" data-start=\"1572\" data-end=\"1989\">Con una trayectoria profesional previa en el sector tecnol\u00f3gico (IT), aporto una visi\u00f3n \u00fanica que combina los avances de la neurociencia y la tecnolog\u00eda en el proceso terap\u00e9utico. Adem\u00e1s, colaboro activamente con empresas tecnol\u00f3gicas, ofreciendo charlas y asesoramiento sobre salud mental en el entorno laboral, gesti\u00f3n del estr\u00e9s y bienestar para profesionales en entornos de alta exigencia.<\/p>\r\n<p class=\"text-justify\" style=\"text-align: justify;\">Mi pr\u00e1ctica privada se encuentra en B\u00e9lgica, pero pueden <a href=\"http:\/\/mipsy.net\/es\/pide-una-cita\/\">CONTACTAR<\/a> conmigo desde cualquier lugar del mundo.<\/p>\r\n<p class=\"text-justify\">Tambi\u00e9n puedes leer mis art\u00edculos <a href=\"http:\/\/milaswellness.com\/es\/author\/mila-petkova\/\">AQU\u00cd<\/a> y seguirme en\u00a0<a href=\"https:\/\/www.facebook.com\/MilasWellness\">FACEBOOK<\/a>.<\/p>\r\n<p class=\"text-justify\">Puedes encontrar informaci\u00f3n m\u00e1s detallada sobre mi formaci\u00f3n y experiencia en <a href=\"https:\/\/www.linkedin.com\/in\/mila-petkova-ph-d-8531225b\/\">LINKEDIN<\/a>.<\/p>\r\n<p>&nbsp;<\/p>\r\n<hr \/>\r\n<h2 class=\"wp-block-heading\" style=\"text-align: left;\"><strong>\u00bfPor qu\u00e9 elegi dar consulta en l\u00ednea?<\/strong><\/h2>\r\n\r\n\r\n\r\n<p style=\"text-align: justify;\">Para bien o para mal, estamos todos conectados con la inmensa corriente de informaci\u00f3n digital y todo lo que podr\u00edamos hacer ahora es aprovecharla. La psicoterapia tambi\u00e9n es parte de esta tendencia. Muchos especialistas ya recurren a los medios de comunicaci\u00f3n digitales para dar m\u00e1s opciones a sus clientes<\/p>\r\n\r\n\r\n\r\n<p style=\"text-align: justify;\">De esta manera damos a nuestros clientes m\u00e1s flexibilidad con sus gr\u00e1ficos, m\u00e1s accesibilidad y contacto ininterrumpido independiente de la ubicaci\u00f3n. Ahora puedes comenzar la psicoterapia desde tu c\u00f3modo hogar, tu oficina o incluso tu caf\u00e9 favorito.<\/p>\r\n\r\n\r\n<hr class=\"wp-block-separator\" \/>\r\n\r\n\r\n<h2 class=\"wp-block-heading\" style=\"text-align: left;\"><strong>\u00bfQui\u00e9n puede beneficiarse de las consultas en l\u00ednea?<\/strong><\/h2>\r\n\r\n\r\n\r\n<ul style=\"text-align: justify;\">\r\n<li>Cualquier persona que trabaje en un ambiente estresante;<\/li>\r\n<li>Cualquier persona que desee fortalecer los detalles cruciales de su vida, tales como la comunicaci\u00f3n con <span style=\"text-decoration: underline;\"><a href=\"http:\/\/milaswellness.com\/es\/el-arte-de-establecer-limites\/\" target=\"_blank\" rel=\"noreferrer noopener\"><strong>los miembros de su familia<\/strong><\/a><\/span>, las habilidades para superar la p\u00e9rdida y<span style=\"text-decoration: underline;\"> <a href=\"https:\/\/milaswellness.com\/es\/7-maneras-de-practicar-primeros-auxilios-emocionales\/\" target=\"_blank\" rel=\"noreferrer noopener\"><strong>la separaci\u00f3n<\/strong><\/a><\/span>, las estrategias para hacer frente a <a href=\"http:\/\/milaswellness.com\/es\/la-razon-por-la-que-triunfamos-mas-cuando-somos-imperfectos\/\" target=\"_blank\" rel=\"noreferrer noopener\"><strong><span style=\"text-decoration: underline;\">problemas de trabajo<\/span><\/strong><\/a> y<strong> <span style=\"text-decoration: underline;\"><a href=\"https:\/\/milaswellness.com\/es\/si-te-duele-no-lo-estas-haciendo-bien\/\" target=\"_blank\" rel=\"noreferrer noopener\">problemas de pareja<\/a><\/span><\/strong>, etc.;<\/li>\r\n<li>Cualquier persona que sufre de ansiedad generalizada, ansiedad social, problemas relacionados con su imagen corporal, etc;<\/li>\r\n<li>Personas que han tenido problemas por el consumo excesivo de alcohol o de drogas en el pasado, pero todav\u00eda necesitan a acompa\u00f1amiento a en el proceso de recuperaci\u00f3n a largo plazo;<\/li>\r\n<li>Miembros de la familia de personas con tales problemas;<\/li>\r\n<li>Cualquier persona que viaja mucho o se traslada frecuentemente de una ciudad\/pa\u00eds a otra por trabajo u ocio;<\/li>\r\n<li>Cualquier persona que encuentre dif\u00edcil <a href=\"https:\/\/milaswellness.com\/es\/depresion-y-crisis-existenciales\/\" target=\"_blank\" rel=\"noreferrer noopener\"><strong><span style=\"text-decoration: underline;\">dedicar m\u00e1s tiempo para s\u00ed<\/span><\/strong><\/a> mismo debido a las m\u00faltiples tareas que no puede abandonar;<\/li>\r\n<li>Quien quiera permanecer completamente an\u00f3nimo.<\/li>\r\n<\/ul>\r\n\r\n\r\n\r\n<p style=\"text-align: justify;\"><strong>\u00bfQui\u00e9n no puede beneficiarse de ellos?<\/strong><\/p>\r\n\r\n\r\n\r\n<ul style=\"text-align: justify;\">\r\n<li>Personas con condiciones cl\u00ednicas psicol\u00f3gicas severas;<\/li>\r\n<li>Personas que creen que las reuniones que no ocurren en persona, carecen de intimidad y son ineficaces;<\/li>\r\n<li>Gente que odia las tecnolog\u00edas.<\/li>\r\n<\/ul>\r\n\r\n\r\n\r\n<p style=\"text-align: justify;\"><strong>Si est\u00e1s interesado en consultar en l\u00ednea, puedes <span style=\"text-decoration: underline;\"><a href=\"https:\/\/mipsy.net\/es\/pide-una-cita\/\" target=\"_blank\" rel=\"noreferrer noopener\">enviar un e-mail<\/a> <\/span>o un mensaje de texto en <span style=\"text-decoration: underline;\"><a href=\"https:\/\/www.facebook.com\/MilaPetkovaPhD\" target=\"_blank\" rel=\"noreferrer noopener\">Facebook<\/a><\/span> y contarnos un poco m\u00e1s sobre el tema que te gustar\u00eda consultar.<\/strong><\/p>\r\n<p><a href=\"https:\/\/mipsy.net\/es\/pide-una-cita\/\" target=\"_blank\" rel=\"noreferrer noopener\"><strong>Escribeme<\/strong><\/a> para mas detalles.<\/p>\r\n\r\n\r\n<hr class=\"wp-block-separator\" \/>\r\n\r\n\r\n\r\n\r\n<p style=\"text-align: center;\">\u00a0\u00a0\u00a0\u00a0 <a href=\"https:\/\/locationindependenttherapists.com\/therapists\/mila-petkova\/\" target=\"_blank\" rel=\"noopener noreferrer\"><img decoding=\"async\" loading=\"lazy\" class=\"alignnone wp-image-251\" src=\"http:\/\/mipsy.net\/es\/wp-content\/uploads\/2024\/02\/Location-Independent-Therapists_Final-logo_LIT_Logo-Final_aqua_lr.png\" alt=\"\" width=\"150\" height=\"69\" \/><\/a>\u00a0\u00a0\u00a0\u00a0 <a href=\"https:\/\/npsa-association.org\/education-training\/register-international-neuropsychoanalysis\/\" target=\"_blank\" rel=\"noopener noreferrer\"><img decoding=\"async\" loading=\"lazy\" class=\"alignnone wp-image-255\" src=\"http:\/\/mipsy.net\/es\/wp-content\/uploads\/2024\/02\/npsa-logo-1.jpg\" alt=\"\" width=\"150\" height=\"73\" \/> \u00a0 \u00a0 \u00a0 <\/a><a href=\"http:\/\/psychology-bg.org\/new-register\/register\/\" target=\"_blank\" rel=\"noopener noreferrer\"><img decoding=\"async\" loading=\"lazy\" class=\"alignnone wp-image-258\" src=\"http:\/\/mipsy.net\/es\/wp-content\/uploads\/2024\/02\/\u0414\u041f\u0411.png\" alt=\"\" width=\"70\" height=\"70\" \/><\/a> \u00a0 \u00a0 \u00a0 <a href=\"https:\/\/psychotherapy-bg.org\/bap\/chlenove-na-bap\/\"><img decoding=\"async\" loading=\"lazy\" class=\"alignnone wp-image-259\" src=\"http:\/\/mipsy.net\/es\/wp-content\/uploads\/2024\/02\/\u0411\u0410\u041f.jpg\" alt=\"\" width=\"70\" height=\"70\" \/><\/a> \u00a0\u00a0\u00a0\u00a0\u00a0<\/p>\r\n<hr \/>\r\n<div id=\"sconnect-is-installed\" style=\"display: none;\">2.14.0.0<\/div>\r\n<div id=\"sconnect-is-installed\" style=\"display: none;\">2.14.0.0<\/div>\r\n<div id=\"sconnect-is-installed\" style=\"display: none;\">2.14.0.0<\/div>\r\n<div id=\"sconnect-is-installed\" style=\"display: none;\">2.14.0.0<\/div>\r\n<div id=\"sconnect-is-installed\" style=\"display: none;\">2.14.0.0<\/div>\r\n<div id=\"sconnect-is-installed\" style=\"display: none;\">2.14.0.0<\/div>\r\n<div id=\"sconnect-is-installed\" style=\"display: none;\">2.14.0.0<\/div>\r\n<div id=\"sconnect-is-installed\" style=\"display: none;\">2.14.0.0<\/div>\r\n<div id=\"sconnect-is-installed\" style=\"display: none;\">2.14.0.0<\/div>\r\n<div id=\"sconnect-is-installed\" style=\"display: none;\">2.14.0.0<\/div>\r\n<div id=\"sconnect-is-installed\" style=\"display: none;\">2.14.0.0<\/div>\r\n<div id=\"sconnect-is-installed\" style=\"display: none;\">2.14.0.0<\/div>\r\n<div id=\"sconnect-is-installed\" style=\"display: none;\">2.14.0.0<\/div>\r\n<div id=\"sconnect-is-installed\" style=\"display: none;\">2.14.0.0<\/div>\r\n<div id=\"sconnect-is-installed\" style=\"display: none;\">2.14.0.0<\/div>\r\n<div id=\"sconnect-is-installed\" style=\"display: none;\">2.14.0.0<\/div>\r\n<div id=\"sconnect-is-installed\" style=\"display: none;\">2.14.0.0<\/div>\r\n<div id=\"sconnect-is-installed\" style=\"display: none;\">2.14.0.0<\/div>","protected":false},"excerpt":{"rendered":"<p>Psicoterapeuta \u2013 Terapia Online en B\u00falgaro, Ingl\u00e9s y Espa\u00f1ol Soy una psicoterapeuta multiling\u00fce que ofrece sesiones de terapia online en b\u00falgaro, ingl\u00e9s y espa\u00f1ol a personas de todo el mundo. Me especializo en proporcionar un espacio seguro y compasivo donde puedas explorar tu mundo interior, afrontar desaf\u00edos existenciales y reconectar con lo que realmente importa <a class=\"read-more\" href=\"https:\/\/mipsy.net\/es\/\">Read More<\/a><\/p>\n","protected":false},"author":1,"featured_media":0,"parent":0,"menu_order":0,"comment_status":"closed","ping_status":"closed","template":"","meta":[],"_links":{"self":[{"href":"https:\/\/mipsy.net\/es\/wp-json\/wp\/v2\/pages\/2"}],"collection":[{"href":"https:\/\/mipsy.net\/es\/wp-json\/wp\/v2\/pages"}],"about":[{"href":"https:\/\/mipsy.net\/es\/wp-json\/wp\/v2\/types\/page"}],"author":[{"embeddable":true,"href":"https:\/\/mipsy.net\/es\/wp-json\/wp\/v2\/users\/1"}],"replies":[{"embeddable":true,"href":"https:\/\/mipsy.net\/es\/wp-json\/wp\/v2\/comments?post=2"}],"version-history":[{"count":77,"href":"https:\/\/mipsy.net\/es\/wp-json\/wp\/v2\/pages\/2\/revisions"}],"predecessor-version":[{"id":266,"href":"https:\/\/mipsy.net\/es\/wp-json\/wp\/v2\/pages\/2\/revisions\/266"}],"wp:attachment":[{"href":"https:\/\/mipsy.net\/es\/wp-json\/wp\/v2\/media?parent=2"}],"curies":[{"name":"wp","href":"https:\/\/api.w.org\/{rel}","templated":true}]}}